{"id":7,"date":"2026-04-09T19:39:24","date_gmt":"2026-04-09T17:39:24","guid":{"rendered":"https:\/\/romaxpro.cl\/?page_id=7"},"modified":"2026-04-09T19:57:56","modified_gmt":"2026-04-09T17:57:56","slug":"inicio","status":"publish","type":"page","link":"https:\/\/romaxpro.cl\/","title":{"rendered":"inicio"},"content":{"rendered":"\t\t<div data-elementor-type=\"wp-page\" data-elementor-id=\"7\" class=\"elementor elementor-7\" data-elementor-post-type=\"page\">\n\t\t\t\t<div class=\"elementor-element elementor-element-a72e603 e-flex e-con-boxed e-con e-parent\" data-id=\"a72e603\" data-element_type=\"container\" data-e-type=\"container\">\n\t\t\t\t\t<div class=\"e-con-inner\">\n\t\t\t\t<div class=\"elementor-element elementor-element-49c68ae elementor-widget elementor-widget-html\" data-id=\"49c68ae\" data-element_type=\"widget\" data-e-type=\"widget\" data-widget_type=\"html.default\">\n\t\t\t\t<div class=\"elementor-widget-container\">\n\t\t\t\t\t<!DOCTYPE html>\r\n<html lang=\"es\">\r\n<head>\r\n<meta charset=\"UTF-8\">\r\n<meta name=\"viewport\" content=\"width=device-width, initial-scale=1.0\">\r\n<title>Romaxpro | Pronto<\/title>\r\n\r\n<style>\r\n  body {\r\n    margin: 0;\r\n    font-family: 'Segoe UI', Tahoma, sans-serif;\r\n    background: linear-gradient(135deg, #0f1a24, #1c2b36);\r\n    color: #fff;\r\n    display: flex;\r\n    align-items: center;\r\n    justify-content: center;\r\n    height: 100vh;\r\n    text-align: center;\r\n    overflow: hidden;\r\n  }\r\n\r\n  .container {\r\n    max-width: 500px;\r\n    padding: 40px 25px;\r\n    border-radius: 20px;\r\n    background: rgba(255,255,255,0.05);\r\n    backdrop-filter: blur(10px);\r\n    box-shadow: 0 0 40px rgba(200,155,60,0.15);\r\n    animation: fadeIn 1.5s ease;\r\n  }\r\n\r\n  @keyframes fadeIn {\r\n    from {\r\n      opacity: 0;\r\n      transform: translateY(20px);\r\n    }\r\n    to {\r\n      opacity: 1;\r\n      transform: translateY(0);\r\n    }\r\n  }\r\n\r\n  .logo {\r\n    width: 50px;\r\n    margin-bottom: 20px;\r\n    animation: float 3s ease-in-out infinite;\r\n  }\r\n\r\n  @keyframes float {\r\n    0%, 100% { transform: translateY(0); }\r\n    50% { transform: translateY(-8px); }\r\n  }\r\n\r\n  h1 {\r\n    font-size: 32px;\r\n    letter-spacing: 2px;\r\n    margin: 10px 0;\r\n    color: white;\r\n  }\r\n\r\n  h1 span {\r\n    color: #c89b3c;\r\n  }\r\n\r\n  .line {\r\n    width: 60px;\r\n    height: 3px;\r\n    background: #c89b3c;\r\n    margin: 20px auto;\r\n    animation: glow 2s infinite alternate;\r\n  }\r\n\r\n  @keyframes glow {\r\n    from { box-shadow: 0 0 5px #c89b3c; }\r\n    to { box-shadow: 0 0 20px #c89b3c; }\r\n  }\r\n\r\n  p {\r\n    font-size: 15px;\r\n    color: #ccc;\r\n    margin-bottom: 25px;\r\n    line-height: 1.6;\r\n  }\r\n\r\n  .services {\r\n    font-size: 14px;\r\n    color: #aaa;\r\n    margin-bottom: 30px;\r\n  }\r\n\r\n  .btn {\r\n    display: inline-block;\r\n    padding: 12px 25px;\r\n    background: #c89b3c;\r\n    color: #0f1a24;\r\n    border-radius: 30px;\r\n    text-decoration: none;\r\n    font-weight: bold;\r\n    transition: 0.3s;\r\n  }\r\n\r\n  .btn:hover {\r\n    background: #e0b857;\r\n    transform: scale(1.05);\r\n  }\r\n\r\n  .footer {\r\n    margin-top: 30px;\r\n    font-size: 12px;\r\n    color: #777;\r\n  }\r\n\r\n  \/* Rayo animado *\/\r\n  .lightning {\r\n    position: absolute;\r\n    top: 10%;\r\n    left: 50%;\r\n    width: 4px;\r\n    height: 100px;\r\n    background: #c89b3c;\r\n    opacity: 0;\r\n    animation: lightning 5s infinite;\r\n  }\r\n\r\n  @keyframes lightning {\r\n    0%, 90%, 100% { opacity: 0; }\r\n    92% { opacity: 1; height: 120px; }\r\n    94% { opacity: 0; }\r\n    96% { opacity: 1; height: 80px; }\r\n    98% { opacity: 0; }\r\n  }\r\n\r\n  @media (max-width: 500px) {\r\n    h1 { font-size: 26px; }\r\n    .logo { width: 150px; }\r\n  }\r\n\r\n<\/style>\r\n<\/head>\r\n\r\n<body>\r\n\r\n<div class=\"lightning\"><\/div>\r\n\r\n<div class=\"container\">\r\n\r\n  <!-- CAMBIA ESTA RUTA -->\r\n  <img decoding=\"async\" src=\"https:\/\/romaxpro.cl\/wp-content\/uploads\/2026\/04\/thunder_2530046.png\" alt=\"Romaxpro\" class=\"logo\">\r\n\r\n  <h1>ROMAX<span>PRO<\/span><\/h1>\r\n\r\n  <div class=\"line\"><\/div>\r\n\r\n  <p>\r\n    Estamos preparando algo grande.<br>\r\n    Muy pronto podr\u00e1s conocer nuestros servicios de ingenier\u00eda y soluciones el\u00e9ctricas.\r\n  <\/p>\r\n\r\n  <div class=\"services\">\r\n    Proyectos \u00b7 Instalaciones \u00b7 Certificaciones \u00b7 Asesor\u00edas\r\n  <\/div>\r\n\r\n  <!-- CAMBIA EL NUMERO -->\r\n  <a href=\"https:\/\/wa.me\/56996677564\" class=\"btn\" target=\"_blank\">\r\n    Cont\u00e1ctanos por WhatsApp\r\n  <\/a>\r\n\r\n  <div class=\"footer\">\r\n    \u00a9 2026 Romaxpro\r\n  <\/div>\r\n\r\n<\/div>\r\n\r\n<\/body>\r\n<\/html>\t\t\t\t<\/div>\n\t\t\t\t<\/div>\n\t\t\t\t\t<\/div>\n\t\t\t\t<\/div>\n\t\t\t\t<\/div>\n\t\t","protected":false},"excerpt":{"rendered":"<p>Romaxpro | Pronto ROMAXPRO Estamos preparando algo grande. Muy pronto podr\u00e1s conocer nuestros servicios de ingenier\u00eda y soluciones el\u00e9ctricas. Proyectos [&hellip;]<\/p>\n","protected":false},"author":1,"featured_media":0,"parent":0,"menu_order":0,"comment_status":"closed","ping_status":"closed","template":"elementor_canvas","meta":{"site-sidebar-layout":"no-sidebar","site-content-layout":"","ast-site-content-layout":"full-width-container","site-content-style":"default","site-sidebar-style":"default","ast-global-header-display":"","ast-banner-title-visibility":"","ast-main-header-display":"","ast-hfb-above-header-display":"","ast-hfb-below-header-display":"","ast-hfb-mobile-header-display":"","site-post-title":"disabled","ast-breadcrumbs-content":"","ast-featured-img":"disabled","footer-sml-layout":"","ast-disable-related-posts":"","theme-transparent-header-meta":"","adv-header-id-meta":"","stick-header-meta":"","header-above-stick-meta":"","header-main-stick-meta":"","header-below-stick-meta":"","astra-migrate-meta-layouts":"default","ast-page-background-enabled":"default","ast-page-background-meta":{"desktop":{"background-color":"var(--ast-global-color-5)","background-image":"","background-repeat":"repeat","background-position":"center center","background-size":"auto","background-attachment":"scroll","background-type":"","background-media":"","overlay-type":"","overlay-color":"","overlay-opacity":"","overlay-gradient":""},"tablet":{"background-color":"","background-image":"","background-repeat":"repeat","background-position":"center center","background-size":"auto","background-attachment":"scroll","background-type":"","background-media":"","overlay-type":"","overlay-color":"","overlay-opacity":"","overlay-gradient":""},"mobile":{"background-color":"","background-image":"","background-repeat":"repeat","background-position":"center center","background-size":"auto","background-attachment":"scroll","background-type":"","background-media":"","overlay-type":"","overlay-color":"","overlay-opacity":"","overlay-gradient":""}},"ast-content-background-meta":{"desktop":{"background-color":"var(--ast-global-color-4)","background-image":"","background-repeat":"repeat","background-position":"center center","background-size":"auto","background-attachment":"scroll","background-type":"","background-media":"","overlay-type":"","overlay-color":"","overlay-opacity":"","overlay-gradient":""},"tablet":{"background-color":"var(--ast-global-color-4)","background-image":"","background-repeat":"repeat","background-position":"center center","background-size":"auto","background-attachment":"scroll","background-type":"","background-media":"","overlay-type":"","overlay-color":"","overlay-opacity":"","overlay-gradient":""},"mobile":{"background-color":"var(--ast-global-color-4)","background-image":"","background-repeat":"repeat","background-position":"center center","background-size":"auto","background-attachment":"scroll","background-type":"","background-media":"","overlay-type":"","overlay-color":"","overlay-opacity":"","overlay-gradient":""}},"footnotes":""},"class_list":["post-7","page","type-page","status-publish","hentry"],"_links":{"self":[{"href":"https:\/\/romaxpro.cl\/index.php?rest_route=\/wp\/v2\/pages\/7","targetHints":{"allow":["GET"]}}],"collection":[{"href":"https:\/\/romaxpro.cl\/index.php?rest_route=\/wp\/v2\/pages"}],"about":[{"href":"https:\/\/romaxpro.cl\/index.php?rest_route=\/wp\/v2\/types\/page"}],"author":[{"embeddable":true,"href":"https:\/\/romaxpro.cl\/index.php?rest_route=\/wp\/v2\/users\/1"}],"replies":[{"embeddable":true,"href":"https:\/\/romaxpro.cl\/index.php?rest_route=%2Fwp%2Fv2%2Fcomments&post=7"}],"version-history":[{"count":7,"href":"https:\/\/romaxpro.cl\/index.php?rest_route=\/wp\/v2\/pages\/7\/revisions"}],"predecessor-version":[{"id":17,"href":"https:\/\/romaxpro.cl\/index.php?rest_route=\/wp\/v2\/pages\/7\/revisions\/17"}],"wp:attachment":[{"href":"https:\/\/romaxpro.cl\/index.php?rest_route=%2Fwp%2Fv2%2Fmedia&parent=7"}],"curies":[{"name":"wp","href":"https:\/\/api.w.org\/{rel}","templated":true}]}}